{"id":76466,"date":"2022-11-14T22:34:23","date_gmt":"2022-11-14T21:34:23","guid":{"rendered":"http:\/\/histocell.com\/rd\/"},"modified":"2025-11-11T15:54:14","modified_gmt":"2025-11-11T14:54:14","slug":"rd","status":"publish","type":"page","link":"https:\/\/histocell.com\/en\/rd\/","title":{"rendered":"R&amp;D"},"content":{"rendered":"\t\t<div data-elementor-type=\"wp-page\" data-elementor-id=\"76466\" class=\"elementor elementor-76466 elementor-75514\" data-elementor-post-type=\"page\">\n\t\t\t\t\t\t<section class=\"elementor-section elementor-top-section elementor-element elementor-element-4f0eba82 elementor-section-boxed elementor-section-height-default elementor-section-height-default\" data-id=\"4f0eba82\" data-element_type=\"section\" data-e-type=\"section\">\n\t\t\t\t\t\t<div class=\"elementor-container elementor-column-gap-default\">\n\t\t\t\t\t<div class=\" elementor-column elementor-col-100 elementor-top-column elementor-element elementor-element-7f7384f\" data-fullscreen-column-settings=\"{&quot;fullscreen&quot;:&quot;&quot;}\" data-id=\"7f7384f\" data-element_type=\"column\" data-e-type=\"column\">\n\t\t\t<div class=\"elementor-widget-wrap elementor-element-populated\">\n\t\t\t\t\t\t<div class=\"elementor-element elementor-element-105b8a36 elementor-widget elementor-widget-text-editor\" data-id=\"105b8a36\" data-element_type=\"widget\" data-e-type=\"widget\" data-widget_type=\"text-editor.default\">\n\t\t\t\t<div class=\"elementor-widget-container\">\n\t\t\t\t\t\t\t\t\t<p>Histocell&#8217;s R&amp;D Department focuses on the development of new methods and technologies that are applied in regenerative medicine, using adult mesenchymal stem cells (AMSCs) and bioactive materials (scaffolds). Histocell R&amp;D participates in several research programmes on bone regeneration, advanced wound healing, inflammatory diseases, neuroregeneration, ischaemia, lung therapy, etc. Moreover, Histocell offers a large portfolio of services, such as cell therapy services for clinical application, advanced molecular and cellular biology analysis services, biocompatibility testing and biological research services, among others.<\/p><p>Since its foundation in 2006, Histocell has developed an active R&amp;D policy and currently has a wide experience in the development of R&amp;D projects thanks to the execution of more than 40 R&amp;D projects at national level, and 9 projects of the European Framework Programme for Research and Innovation (FPVII, Horizon 2020 and Horizon Europe). Histocell is committed to European collaborative projects as a way to increase its technical knowledge and skills. In the last 3 years, Histocell has submitted more than 20 proposals and its objective is to get involved in new projects within the current Horizon Europe programme (2021-2027).<\/p><p><strong>Histocell&#8217;s R&amp;D projects have been funded by:<\/strong><\/p><ul><li>Gobierno de Espa\u00f1a: Ministerio de Ciencia e Innovaci\u00f3n<\/li><li>Gobierno Vasco: Departamento de Industria, Turismo y Comercio<\/li><li>Diputaci\u00f3n Foral de Bizkaia: Departamento de Promoci\u00f3n Econ\u00f3mica<\/li><li>Centro para el Desarrollo Industrial-CDTI<\/li><li>Comisi\u00f3n Europea<\/li><li>Fondo Europeo de Desarrollo Regional (FEDER)<\/li><\/ul>\t\t\t\t\t\t\t\t<\/div>\n\t\t\t\t<\/div>\n\t\t\t\t\t<\/div>\n\t\t<\/div>\n\t\t\t\t\t<\/div>\n\t\t<\/section>\n\t\t\t\t<\/div>\n\t\t","protected":false},"excerpt":{"rendered":"<p>Histocell&#8217;s R&amp;D Department focuses on the development of new methods and technologies that are applied in regenerative medicine, using adult mesenchymal stem cells (AMSCs) and bioactive materials (scaffolds). Histocell R&amp;D participates in several research programmes on bone regeneration, advanced wound healing, inflammatory diseases, neuroregeneration, ischaemia, lung therapy, etc. Moreover, Histocell offers a large portfolio of [&hellip;]<\/p>\n","protected":false},"author":1,"featured_media":0,"parent":0,"menu_order":0,"comment_status":"closed","ping_status":"closed","template":"","meta":{"footnotes":""},"class_list":["post-76466","page","type-page","status-publish","hentry"],"_links":{"self":[{"href":"https:\/\/histocell.com\/en\/wp-json\/wp\/v2\/pages\/76466","targetHints":{"allow":["GET"]}}],"collection":[{"href":"https:\/\/histocell.com\/en\/wp-json\/wp\/v2\/pages"}],"about":[{"href":"https:\/\/histocell.com\/en\/wp-json\/wp\/v2\/types\/page"}],"author":[{"embeddable":true,"href":"https:\/\/histocell.com\/en\/wp-json\/wp\/v2\/users\/1"}],"replies":[{"embeddable":true,"href":"https:\/\/histocell.com\/en\/wp-json\/wp\/v2\/comments?post=76466"}],"version-history":[{"count":10,"href":"https:\/\/histocell.com\/en\/wp-json\/wp\/v2\/pages\/76466\/revisions"}],"predecessor-version":[{"id":78866,"href":"https:\/\/histocell.com\/en\/wp-json\/wp\/v2\/pages\/76466\/revisions\/78866"}],"wp:attachment":[{"href":"https:\/\/histocell.com\/en\/wp-json\/wp\/v2\/media?parent=76466"}],"curies":[{"name":"wp","href":"https:\/\/api.w.org\/{rel}","templated":true}]}}